{"id":671,"date":"2016-05-10T14:26:54","date_gmt":"2016-05-10T14:26:54","guid":{"rendered":"http:\/\/master.dev3.webkoenig.ch\/fr\/kontakt\/"},"modified":"2026-02-06T11:46:22","modified_gmt":"2026-02-06T11:46:22","slug":"contact","status":"publish","type":"page","link":"https:\/\/master.ch\/fr\/contact\/","title":{"rendered":"Contact"},"content":{"rendered":"<div class=\"wpb-content-wrapper\">[vc_row css=\u00a0\u00bb.vc_custom_1462966726095{padding-top: 40px !important;}\u00a0\u00bb][vc_column][vc_column_text]\n<h1>Contact<\/h1>\n[\/vc_column_text][\/vc_column][\/vc_row][vc_row][vc_column][vc_row_inner][vc_column_inner width=\u00a0\u00bb1\/3&Prime;][vc_column_text css=\u00a0\u00bb\u00a0\u00bb]<span style=\"color: #39aeca;\"><strong>Notre partenaire pour la&nbsp;Suisse Romande<\/strong><\/span><br \/>\nFabio Antonello<br \/>\nImpasse du Grand-Pr\u00e9 21<br \/>\nCH &#8211; 1728 Rossens<\/p>\n<span  style=\"color:#39aeca;margin-right:5px;\" class=\"wpex-icon\" aria-hidden=\"true\"><svg xmlns=\"http:\/\/www.w3.org\/2000\/svg\" viewBox=\"0 0 512 512\"><path d=\"M164.9 24.6c-7.7-18.6-28-28.5-47.4-23.2l-88 24C12.1 30.2 0 46 0 64C0 311.4 200.6 512 448 512c18 0 33.8-12.1 38.6-29.5l24-88c5.3-19.4-4.6-39.7-23.2-47.4l-96-40c-16.3-6.8-35.2-2.1-46.3 11.6L304.7 368C234.3 334.7 177.3 277.7 144 207.3L193.3 167c13.7-11.2 18.4-30 11.6-46.3l-40-96z\"\/><\/svg><\/span> +41 22 521 10 00<br \/>\n<span  style=\"color:#39aeca;margin-right:5px;\" class=\"wpex-icon\" aria-hidden=\"true\"><svg xmlns=\"http:\/\/www.w3.org\/2000\/svg\" viewBox=\"0 0 512 512\"><path d=\"M48 64C21.5 64 0 85.5 0 112c0 15.1 7.1 29.3 19.2 38.4L236.8 313.6c11.4 8.5 27 8.5 38.4 0L492.8 150.4c12.1-9.1 19.2-23.3 19.2-38.4c0-26.5-21.5-48-48-48H48zM0 176V384c0 35.3 28.7 64 64 64H448c35.3 0 64-28.7 64-64V176L294.4 339.2c-22.8 17.1-54 17.1-76.8 0L0 176z\"\/><\/svg><\/span> <a href=\"mailto:f.antonello@master.ch\">f.antonello@master.ch<\/a>[\/vc_column_text][vc_empty_space][vc_column_text]Master Management SA<br \/>\nSchw\u00e4ntenmos 15<br \/>\nCH &#8211; 8126 Zumikon<\/p>\n<span  style=\"color:#39aeca;margin-right:5px;\" class=\"wpex-icon\" aria-hidden=\"true\"><svg xmlns=\"http:\/\/www.w3.org\/2000\/svg\" viewBox=\"0 0 512 512\"><path d=\"M164.9 24.6c-7.7-18.6-28-28.5-47.4-23.2l-88 24C12.1 30.2 0 46 0 64C0 311.4 200.6 512 448 512c18 0 33.8-12.1 38.6-29.5l24-88c5.3-19.4-4.6-39.7-23.2-47.4l-96-40c-16.3-6.8-35.2-2.1-46.3 11.6L304.7 368C234.3 334.7 177.3 277.7 144 207.3L193.3 167c13.7-11.2 18.4-30 11.6-46.3l-40-96z\"\/><\/svg><\/span> +41 44 919 88 44<br \/>\n<span  style=\"color:#39aeca;margin-right:5px;\" class=\"wpex-icon\" aria-hidden=\"true\"><svg xmlns=\"http:\/\/www.w3.org\/2000\/svg\" viewBox=\"0 0 512 512\"><path d=\"M48 64C21.5 64 0 85.5 0 112c0 15.1 7.1 29.3 19.2 38.4L236.8 313.6c11.4 8.5 27 8.5 38.4 0L492.8 150.4c12.1-9.1 19.2-23.3 19.2-38.4c0-26.5-21.5-48-48-48H48zM0 176V384c0 35.3 28.7 64 64 64H448c35.3 0 64-28.7 64-64V176L294.4 339.2c-22.8 17.1-54 17.1-76.8 0L0 176z\"\/><\/svg><\/span> <a href=\"mailto:master@master.ch\">master@master.ch<\/a>[\/vc_column_text][\/vc_column_inner][vc_column_inner width=\u00a0\u00bb2\/3&Prime;][vc_column_text]\n<h4><span style=\"color: #39aeca;\"><b class=\"b2\">Nous<\/b><b class=\"b3\"> no<\/b><b class=\"b4\">us <\/b><b class=\"b5\">r\u00e9jouissons<\/b><b class=\"b4\"> de<\/b><b class=\"b3\"> <\/b><b class=\"b4\">votre<\/b><b class=\"b3\"> pr<\/b><b class=\"b2\">i<\/b><b class=\"b3\">se d<\/b><b class=\"b4\">e <\/b><b class=\"b5\">contact et n<\/b><b class=\"b4\">ou<\/b><b class=\"b3\">s nou<\/b><b class=\"b4\">s <\/b><b class=\"b5\">tenons<\/b><b class=\"b4\"> d<\/b><b class=\"b3\">&#8217;embl\u00e9e <\/b><b class=\"b4\">\u00e0 votre e<\/b><b class=\"b3\">nti<\/b><b class=\"b2\">\u00e8re d<\/b><b class=\"b1\">is<\/b>position.<\/span><\/h4>\n[\/vc_column_text]\n<div class=\"wpcf7 no-js\" id=\"wpcf7-f3687-o1\" lang=\"de-DE\" dir=\"ltr\" data-wpcf7-id=\"3687\">\n<div class=\"screen-reader-response\"><p role=\"status\" aria-live=\"polite\" aria-atomic=\"true\"><\/p> <ul><\/ul><\/div>\n<form action=\"\/fr\/wp-json\/wp\/v2\/pages\/671#wpcf7-f3687-o1\" method=\"post\" class=\"wpcf7-form init\" aria-label=\"Kontaktformular\" novalidate=\"novalidate\" data-status=\"init\">\n<fieldset class=\"hidden-fields-container\"><input type=\"hidden\" name=\"_wpcf7\" value=\"3687\" \/><input type=\"hidden\" name=\"_wpcf7_version\" value=\"6.1.5\" \/><input type=\"hidden\" name=\"_wpcf7_locale\" value=\"de_DE\" \/><input type=\"hidden\" name=\"_wpcf7_unit_tag\" value=\"wpcf7-f3687-o1\" \/><input type=\"hidden\" name=\"_wpcf7_container_post\" value=\"0\" \/><input type=\"hidden\" name=\"_wpcf7_posted_data_hash\" value=\"\" \/><input type=\"hidden\" name=\"_wpcf7_recaptcha_response\" value=\"\" \/>\n<\/fieldset>\n<p>Vorte nom *\n<\/p>\n<p><span class=\"wpcf7-form-control-wrap\" data-name=\"nachname\"><input size=\"40\" maxlength=\"400\" class=\"wpcf7-form-control wpcf7-text wpcf7-validates-as-required\" aria-required=\"true\" aria-invalid=\"false\" value=\"\" type=\"text\" name=\"nachname\" \/><\/span><span id=\"wpcf7-69f8b407863c2-wrapper\" class=\"wpcf7-form-control-wrap honeypot-162-wrap\" style=\"display:none !important; visibility:hidden !important;\"><label for=\"wpcf7-69f8b407863c2-field\" class=\"hp-message\">Bitte lasse dieses Feld leer.<\/label><input id=\"wpcf7-69f8b407863c2-field\"  class=\"wpcf7-form-control wpcf7-text\" type=\"text\" name=\"honeypot-162\" value=\"\" size=\"40\" tabindex=\"-1\" autocomplete=\"new-password\" \/><\/span>\n<\/p>\n<p>Vorte E-Mail *\n<\/p>\n<p><span class=\"wpcf7-form-control-wrap\" data-name=\"email\"><input size=\"40\" maxlength=\"400\" class=\"wpcf7-form-control wpcf7-email wpcf7-validates-as-required wpcf7-text wpcf7-validates-as-email\" aria-required=\"true\" aria-invalid=\"false\" value=\"\" type=\"email\" name=\"email\" \/><\/span>\n<\/p>\n<p>Votre telephone *\n<\/p>\n<p><span class=\"wpcf7-form-control-wrap\" data-name=\"telefon\"><input size=\"40\" maxlength=\"400\" class=\"wpcf7-form-control wpcf7-text wpcf7-validates-as-required\" aria-required=\"true\" aria-invalid=\"false\" value=\"\" type=\"text\" name=\"telefon\" \/><\/span>\n<\/p>\n<p>Votre remarque *\n<\/p>\n<p><span class=\"wpcf7-form-control-wrap\" data-name=\"nachricht\"><textarea cols=\"40\" rows=\"10\" maxlength=\"2000\" class=\"wpcf7-form-control wpcf7-textarea wpcf7-validates-as-required\" aria-required=\"true\" aria-invalid=\"false\" name=\"nachricht\"><\/textarea><\/span>\n<\/p>\n<p><input class=\"wpcf7-form-control wpcf7-submit has-spinner\" type=\"submit\" value=\"Envoyer\" \/>\n<\/p>\n<p>Vos donn\u00e9es personnelles sont utilis\u00e9es exclusivement dans le but de pouvoir traiter la demande concern\u00e9e. Dans la mesure o\u00f9 la nature de celle-ci le permet, vous pouvez \u00e9galement nous contacter par t\u00e9l\u00e9phone sans indication de donn\u00e9es personnelles.<br \/>\nEn l'envoyant, vous confirmez avoir pris connaissance de la d\u00e9claration de protection des donn\u00e9es de Master Management AG (www.master.ch\/fr\/protection-des-donnees).\n<\/p><div class=\"wpcf7-response-output\" aria-hidden=\"true\"><\/div>\n<\/form>\n<\/div>\n[\/vc_column_inner][\/vc_row_inner][\/vc_column][\/vc_row]\n<\/div>","protected":false},"excerpt":{"rendered":"<p>[vc_row css=\u00a0\u00bb.vc_custom_1462966726095{padding-top: 40px !important;}\u00a0\u00bb][vc_column][vc_column_text] Contact [\/vc_column_text][\/vc_column][\/vc_row][vc_row][vc_column][vc_row_inner][vc_column_inner width=\u00a0\u00bb1\/3&Prime;][vc_column_text css=\u00a0\u00bb\u00a0\u00bb]Notre partenaire pour la&nbsp;Suisse Romande Fabio Antonello Impasse du Grand-Pr\u00e9 21 CH &#8211; 1728 Rossens +41 22 521 10 00 f.antonello@master.ch[\/vc_column_text][vc_empty_space][vc_column_text]Master Management SA Schw\u00e4ntenmos 15 CH &#8211; 8126 Zumikon +41 44 919 88 44 master@master.ch[\/vc_column_text][\/vc_column_inner][vc_column_inner width=\u00a0\u00bb2\/3&Prime;][vc_column_text] Nous nous r\u00e9jouissons de votre prise de contact et nous nous tenons&hellip;<\/p>\n","protected":false},"author":1,"featured_media":0,"parent":0,"menu_order":0,"comment_status":"closed","ping_status":"closed","template":"","meta":{"footnotes":""},"class_list":["post-671","page","type-page","status-publish","hentry","entry","no-media"],"yoast_head":"<!-- This site is optimized with the Yoast SEO plugin v27.0 - https:\/\/yoast.com\/product\/yoast-seo-wordpress\/ -->\n<title>Contact - Master<\/title>\n<meta name=\"robots\" content=\"index, follow, max-snippet:-1, max-image-preview:large, max-video-preview:-1\" \/>\n<link rel=\"canonical\" href=\"https:\/\/master.ch\/kontakt\/\" \/>\n<meta property=\"og:locale\" content=\"fr_FR\" \/>\n<meta property=\"og:type\" content=\"article\" \/>\n<meta property=\"og:title\" content=\"Contact - Master\" \/>\n<meta property=\"og:description\" content=\"[vc_row css=\u00a0\u00bb.vc_custom_1462966726095{padding-top: 40px !important;}\u00a0\u00bb][vc_column][vc_column_text] Contact [\/vc_column_text][\/vc_column][\/vc_row][vc_row][vc_column][vc_row_inner][vc_column_inner width=\u00a0\u00bb1\/3&Prime;][vc_column_text css=\u00a0\u00bb\u00a0\u00bb]Notre partenaire pour la&nbsp;Suisse Romande Fabio Antonello Impasse du Grand-Pr\u00e9 21 CH &#8211; 1728 Rossens +41 22 521 10 00 f.antonello@master.ch[\/vc_column_text][vc_empty_space][vc_column_text]Master Management SA Schw\u00e4ntenmos 15 CH &#8211; 8126 Zumikon +41 44 919 88 44 master@master.ch[\/vc_column_text][\/vc_column_inner][vc_column_inner width=\u00a0\u00bb2\/3&Prime;][vc_column_text] Nous nous r\u00e9jouissons de votre prise de contact et nous nous tenons&hellip;\" \/>\n<meta property=\"og:url\" content=\"https:\/\/master.ch\/kontakt\/\" \/>\n<meta property=\"og:site_name\" content=\"Master\" \/>\n<meta property=\"article:modified_time\" content=\"2026-02-06T11:46:22+00:00\" \/>\n<meta name=\"twitter:card\" content=\"summary_large_image\" \/>\n<meta name=\"twitter:label1\" content=\"Dur\u00e9e de lecture estim\u00e9e\" \/>\n\t<meta name=\"twitter:data1\" content=\"1 minute\" \/>\n<script type=\"application\/ld+json\" class=\"yoast-schema-graph\">{\"@context\":\"https:\/\/schema.org\",\"@graph\":[{\"@type\":\"WebPage\",\"@id\":\"https:\/\/master.ch\/kontakt\/\",\"url\":\"https:\/\/master.ch\/kontakt\/\",\"name\":\"Contact - Master\",\"isPartOf\":{\"@id\":\"https:\/\/master.ch\/#website\"},\"datePublished\":\"2016-05-10T14:26:54+00:00\",\"dateModified\":\"2026-02-06T11:46:22+00:00\",\"breadcrumb\":{\"@id\":\"https:\/\/master.ch\/kontakt\/#breadcrumb\"},\"inLanguage\":\"fr-FR\",\"potentialAction\":[{\"@type\":\"ReadAction\",\"target\":[\"https:\/\/master.ch\/kontakt\/\"]}]},{\"@type\":\"BreadcrumbList\",\"@id\":\"https:\/\/master.ch\/kontakt\/#breadcrumb\",\"itemListElement\":[{\"@type\":\"ListItem\",\"position\":1,\"name\":\"Home\",\"item\":\"https:\/\/master.ch\/fr\/\"},{\"@type\":\"ListItem\",\"position\":2,\"name\":\"Contact\"}]},{\"@type\":\"WebSite\",\"@id\":\"https:\/\/master.ch\/#website\",\"url\":\"https:\/\/master.ch\/\",\"name\":\"Master\",\"description\":\"value people\",\"publisher\":{\"@id\":\"https:\/\/master.ch\/#organization\"},\"potentialAction\":[{\"@type\":\"SearchAction\",\"target\":{\"@type\":\"EntryPoint\",\"urlTemplate\":\"https:\/\/master.ch\/?s={search_term_string}\"},\"query-input\":{\"@type\":\"PropertyValueSpecification\",\"valueRequired\":true,\"valueName\":\"search_term_string\"}}],\"inLanguage\":\"fr-FR\"},{\"@type\":\"Organization\",\"@id\":\"https:\/\/master.ch\/#organization\",\"name\":\"Master Management\",\"url\":\"https:\/\/master.ch\/\",\"logo\":{\"@type\":\"ImageObject\",\"inLanguage\":\"fr-FR\",\"@id\":\"https:\/\/master.ch\/#\/schema\/logo\/image\/\",\"url\":\"https:\/\/master.ch\/wp-content\/uploads\/2020\/07\/MASTER_Logo_Darkgrey03.png\",\"contentUrl\":\"https:\/\/master.ch\/wp-content\/uploads\/2020\/07\/MASTER_Logo_Darkgrey03.png\",\"width\":3736,\"height\":2480,\"caption\":\"Master Management\"},\"image\":{\"@id\":\"https:\/\/master.ch\/#\/schema\/logo\/image\/\"}}]}<\/script>\n<!-- \/ Yoast SEO plugin. -->","yoast_head_json":{"title":"Contact - Master","robots":{"index":"index","follow":"follow","max-snippet":"max-snippet:-1","max-image-preview":"max-image-preview:large","max-video-preview":"max-video-preview:-1"},"canonical":"https:\/\/master.ch\/kontakt\/","og_locale":"fr_FR","og_type":"article","og_title":"Contact - Master","og_description":"[vc_row css=\u00a0\u00bb.vc_custom_1462966726095{padding-top: 40px !important;}\u00a0\u00bb][vc_column][vc_column_text] Contact [\/vc_column_text][\/vc_column][\/vc_row][vc_row][vc_column][vc_row_inner][vc_column_inner width=\u00a0\u00bb1\/3&Prime;][vc_column_text css=\u00a0\u00bb\u00a0\u00bb]Notre partenaire pour la&nbsp;Suisse Romande Fabio Antonello Impasse du Grand-Pr\u00e9 21 CH &#8211; 1728 Rossens +41 22 521 10 00 f.antonello@master.ch[\/vc_column_text][vc_empty_space][vc_column_text]Master Management SA Schw\u00e4ntenmos 15 CH &#8211; 8126 Zumikon +41 44 919 88 44 master@master.ch[\/vc_column_text][\/vc_column_inner][vc_column_inner width=\u00a0\u00bb2\/3&Prime;][vc_column_text] Nous nous r\u00e9jouissons de votre prise de contact et nous nous tenons&hellip;","og_url":"https:\/\/master.ch\/kontakt\/","og_site_name":"Master","article_modified_time":"2026-02-06T11:46:22+00:00","twitter_card":"summary_large_image","twitter_misc":{"Dur\u00e9e de lecture estim\u00e9e":"1 minute"},"schema":{"@context":"https:\/\/schema.org","@graph":[{"@type":"WebPage","@id":"https:\/\/master.ch\/kontakt\/","url":"https:\/\/master.ch\/kontakt\/","name":"Contact - Master","isPartOf":{"@id":"https:\/\/master.ch\/#website"},"datePublished":"2016-05-10T14:26:54+00:00","dateModified":"2026-02-06T11:46:22+00:00","breadcrumb":{"@id":"https:\/\/master.ch\/kontakt\/#breadcrumb"},"inLanguage":"fr-FR","potentialAction":[{"@type":"ReadAction","target":["https:\/\/master.ch\/kontakt\/"]}]},{"@type":"BreadcrumbList","@id":"https:\/\/master.ch\/kontakt\/#breadcrumb","itemListElement":[{"@type":"ListItem","position":1,"name":"Home","item":"https:\/\/master.ch\/fr\/"},{"@type":"ListItem","position":2,"name":"Contact"}]},{"@type":"WebSite","@id":"https:\/\/master.ch\/#website","url":"https:\/\/master.ch\/","name":"Master","description":"value people","publisher":{"@id":"https:\/\/master.ch\/#organization"},"potentialAction":[{"@type":"SearchAction","target":{"@type":"EntryPoint","urlTemplate":"https:\/\/master.ch\/?s={search_term_string}"},"query-input":{"@type":"PropertyValueSpecification","valueRequired":true,"valueName":"search_term_string"}}],"inLanguage":"fr-FR"},{"@type":"Organization","@id":"https:\/\/master.ch\/#organization","name":"Master Management","url":"https:\/\/master.ch\/","logo":{"@type":"ImageObject","inLanguage":"fr-FR","@id":"https:\/\/master.ch\/#\/schema\/logo\/image\/","url":"https:\/\/master.ch\/wp-content\/uploads\/2020\/07\/MASTER_Logo_Darkgrey03.png","contentUrl":"https:\/\/master.ch\/wp-content\/uploads\/2020\/07\/MASTER_Logo_Darkgrey03.png","width":3736,"height":2480,"caption":"Master Management"},"image":{"@id":"https:\/\/master.ch\/#\/schema\/logo\/image\/"}}]}},"_links":{"self":[{"href":"https:\/\/master.ch\/fr\/wp-json\/wp\/v2\/pages\/671","targetHints":{"allow":["GET"]}}],"collection":[{"href":"https:\/\/master.ch\/fr\/wp-json\/wp\/v2\/pages"}],"about":[{"href":"https:\/\/master.ch\/fr\/wp-json\/wp\/v2\/types\/page"}],"author":[{"embeddable":true,"href":"https:\/\/master.ch\/fr\/wp-json\/wp\/v2\/users\/1"}],"replies":[{"embeddable":true,"href":"https:\/\/master.ch\/fr\/wp-json\/wp\/v2\/comments?post=671"}],"version-history":[{"count":2,"href":"https:\/\/master.ch\/fr\/wp-json\/wp\/v2\/pages\/671\/revisions"}],"predecessor-version":[{"id":15723,"href":"https:\/\/master.ch\/fr\/wp-json\/wp\/v2\/pages\/671\/revisions\/15723"}],"wp:attachment":[{"href":"https:\/\/master.ch\/fr\/wp-json\/wp\/v2\/media?parent=671"}],"curies":[{"name":"wp","href":"https:\/\/api.w.org\/{rel}","templated":true}]}}