{"id":658,"date":"2016-05-10T14:25:41","date_gmt":"2016-05-10T14:25:41","guid":{"rendered":"http:\/\/master.dev3.webkoenig.ch\/fr\/extras\/"},"modified":"2019-10-31T14:59:35","modified_gmt":"2019-10-31T14:59:35","slug":"extras","status":"publish","type":"page","link":"https:\/\/master.ch\/fr\/extras\/","title":{"rendered":"Extras"},"content":{"rendered":"<div class=\"wpb-content-wrapper\">[vc_row css=\u00a0\u00bb.vc_custom_1462966726095{padding-top: 40px !important;}\u00a0\u00bb][vc_column][vc_column_text]\n<h1>Extras<\/h1>\n[\/vc_column_text][vc_column_text]Sur la base de nos proc\u00e9d\u00e9s d\u2019analyses psychom\u00e9triques nous vous offrons les prestations suppl\u00e9mentaires afin de vous soutenir dans les processus RH.[\/vc_column_text][\/vc_column][\/vc_row][vc_row full_width=\u00a0\u00bbstretch_row\u00a0\u00bb css=\u00a0\u00bb.vc_custom_1465475618907{padding-bottom: 40px !important;}\u00a0\u00bb][vc_column][vc_tta_accordion style=\u00a0\u00bbmodern\u00a0\u00bb shape=\u00a0\u00bbsquare\u00a0\u00bb gap=\u00a0\u00bb20&Prime; c_icon=\u00a0\u00bbchevron\u00a0\u00bb active_section=\u00a0\u00bb1&Prime; collapsible_all=\u00a0\u00bbtrue\u00a0\u00bb][vc_tta_section title=\u00a0\u00bbSuivi de la s\u00e9lection\u00a0\u00bb tab_id=\u00a0\u00bb1463129000431-8cc7f154-e3df\u00a0\u00bb][vc_row_inner][vc_column_inner width=\u00a0\u00bb1\/2&Prime;][vc_column_text]Est-ce que\u00a0 vous d\u00e9sirez plus de clart\u00e9 dans le cadre de la s\u00e9lection ou du d\u00e9veloppement personnel, la motivation et l\u2019aptitude des employ\u00e9s pour un poste sp\u00e9cifique ?[\/vc_column_text][\/vc_column_inner][vc_column_inner width=\u00a0\u00bb1\/2&Prime;][vc_column_text]C\u2019est avec grand plaisir que nous vous soutiendrons tout au long de ce processus en vous offrant les instruments n\u00e9cessaires. Appelez-nous ou communiquez-nous vos besoins.[\/vc_column_text][\/vc_column_inner][\/vc_row_inner][\/vc_tta_section][vc_tta_section title=\u00a0\u00bb\u00c9valuations du potentiel \/ planifications de carri\u00e8re \/ bilans personnels\u00a0\u00bb tab_id=\u00a0\u00bb1463129000484-82e963da-c98c\u00a0\u00bb][vc_row_inner][vc_column_inner width=\u00a0\u00bb1\/2&Prime;][vc_column_text]Est-ce que vous d\u00e9sirez \u00e9claircir la question de savoir si les collaborateurs disposent du potentiel et des qualit\u00e9s n\u00e9cessaires pour un poste et o\u00f9 sont les forces et les difficult\u00e9s\u00a0?[\/vc_column_text][\/vc_column_inner][vc_column_inner width=\u00a0\u00bb1\/2&Prime;][vc_column_text]Nous disposons des instruments n\u00e9cessaires pour clarifier cette question en d\u00e9tail et nous nous tenons \u00e0 votre disposition pour vous soutenir dans ce processus de catharsis. Appelez-nous ou \u00e9crivez-nous votre demande.[\/vc_column_text][\/vc_column_inner][\/vc_row_inner][\/vc_tta_section][vc_tta_section title=\u00a0\u00bbMod\u00e8les de comp\u00e9tences\u00a0\u00bb tab_id=\u00a0\u00bb1463129131045-bcd88493-c4a9&Prime;][vc_row_inner][vc_column_inner width=\u00a0\u00bb1\/2&Prime;][vc_column_text]Est-ce que votre entreprise envisage introduire un mod\u00e8le de comp\u00e9tence\u00a0? Est-ce que vous avez besoin d\u2019aide dans la d\u00e9finition des diff\u00e9rentes comp\u00e9tences et leur impl\u00e9mentation ?[\/vc_column_text][\/vc_column_inner][vc_column_inner width=\u00a0\u00bb1\/2&Prime;][vc_column_text]Nous nous tenons \u00e0 votre disposition pour vous soutenir dans ce processus. Appelez-nous ou \u00e9crivez-nous votre demande.[\/vc_column_text][\/vc_column_inner][\/vc_row_inner][\/vc_tta_section][vc_tta_section title=\u00a0\u00bbAnalyses d\u2019\u00e9quipes\u00a0\u00bb tab_id=\u00a0\u00bb1463129161046-544481c3-bbf2&Prime;][vc_row_inner][vc_column_inner width=\u00a0\u00bb1\/2&Prime;][vc_column_text]\u00c0 quoi veillez-vous quand vous formez de nouvelles \u00e9quipes ? Est-ce que les personnes d\u2019une \u00e9quipe fonctionnent ensemble\u00a0? Comment pouvez-vous augmenter la productivit\u00e9, l\u2019efficacit\u00e9 et l\u2019effet d\u2019une \u00e9quipe ?[\/vc_column_text][\/vc_column_inner][vc_column_inner width=\u00a0\u00bb1\/2&Prime;][vc_column_text]Nous nous ferons un plaisir de vous aider \u00e0 r\u00e9pondre \u00e0 ces questions. Appelez-nous ou \u00e9crivez-nous votre demande.[\/vc_column_text][\/vc_column_inner][\/vc_row_inner][\/vc_tta_section][vc_tta_section title=\u00a0\u00bbAnalyses des vendeurs\u00a0\u00bb tab_id=\u00a0\u00bb1463129215891-d9f92b9b-d453&Prime;][vc_row_inner][vc_column_inner width=\u00a0\u00bb1\/2&Prime;][vc_column_text]Est-ce que vous d\u00e9sirez am\u00e9liorer l\u2019efficacit\u00e9 de votre \u00e9quipe de vente ? Avez-vous besoin d\u2019une analyse des comp\u00e9tences en mati\u00e8re de vente de chaque collaborateur pour en tirer des mesures n\u00e9cessaires ?[\/vc_column_text][\/vc_column_inner][vc_column_inner width=\u00a0\u00bb1\/2&Prime;][vc_column_text]Nous disposons des instruments appropri\u00e9s et serions heureux de pouvoir vous assister dans ce processus. Appelez-nous ou \u00e9crivez-nous votre demande.[\/vc_column_text][\/vc_column_inner][\/vc_row_inner][\/vc_tta_section][\/vc_tta_accordion][\/vc_column][\/vc_row][vc_row full_width=\u00a0\u00bbstretch_row\u00a0\u00bb css=\u00a0\u00bb.vc_custom_1470299281734{border-top-width: 1px !important;padding-top: 40px !important;background-color: #f7f7f7 !important;border-top-color: #eeeeee !important;border-top-style: solid !important;}\u00a0\u00bb][vc_column][vc_column_text]\n<h2>Partenaires r\u00e9seau<\/h2>\n<p>Nous vous recommandons nos partenaires de r\u00e9seaux pour les services suivants :[\/vc_column_text][\/vc_column][\/vc_row][vc_row full_width=\u00a0\u00bbstretch_row\u00a0\u00bb css=\u00a0\u00bb.vc_custom_1465475640200{border-bottom-width: 1px !important;padding-bottom: 40px !important;background-color: #f7f7f7 !important;border-bottom-color: #eeeeee !important;border-bottom-style: solid !important;}\u00a0\u00bb][vc_column][vc_tta_accordion style=\u00a0\u00bbmodern\u00a0\u00bb shape=\u00a0\u00bbsquare\u00a0\u00bb color=\u00a0\u00bbwhite\u00a0\u00bb gap=\u00a0\u00bb20&Prime; c_icon=\u00a0\u00bbchevron\u00a0\u00bb active_section=\u00a0\u00bb1&Prime; collapsible_all=\u00a0\u00bbtrue\u00a0\u00bb][vc_tta_section title=\u00a0\u00bbAssessment Centers et centres de d\u00e9veloppement\u00a0\u00bb tab_id=\u00a0\u00bb1465463808785-b06f4965-6f0b\u00a0\u00bb][vc_row_inner][vc_column_inner][vc_column_text]Assessments et centres de d\u00e9veloppement sur mesure d\u2019une journ\u00e9e ou deux, mod\u00e9r\u00e9s et organis\u00e9s par des sp\u00e9cialistes de notre r\u00e9seau.[\/vc_column_text][\/vc_column_inner][\/vc_row_inner][\/vc_tta_section][vc_tta_section title=\u00a0\u00bbD\u00e9veloppement des collaborateurs et analyses de conflits\u00a0\u00bb tab_id=\u00a0\u00bb1465463809283-24be8a7c-263e\u00a0\u00bb][vc_row_inner][vc_column_inner][vc_column_text]Analyses de conflits et d\u00e9veloppement des \u00e9quipes sur mesure ainsi que des workshops\/ateliers mod\u00e9r\u00e9s et organis\u00e9s par des sp\u00e9cialistes de notre r\u00e9seau.[\/vc_column_text][\/vc_column_inner][\/vc_row_inner][\/vc_tta_section][vc_tta_section title=\u00a0\u00bbFormations en communication\u00a0\u00bb tab_id=\u00a0\u00bb1465463809767-c73c063e-73b0&Prime;][vc_row_inner][vc_column_inner][vc_column_text]Formations de communication cibl\u00e9es pour manager et collaborateurs, organis\u00e9es par des sp\u00e9cialistes de notre r\u00e9seau.[\/vc_column_text][\/vc_column_inner][\/vc_row_inner][\/vc_tta_section][vc_tta_section title=\u00a0\u00bbFormations en vente\u00a0\u00bb tab_id=\u00a0\u00bb1465463810272-e75c1226-bb79&Prime;][vc_row_inner][vc_column_inner][vc_column_text]Formations en vente cibl\u00e9es qui permettront d&rsquo;augmenter le chiffre d&rsquo;affaires et le succ\u00e8s, organis\u00e9es par des sp\u00e9cialistes de notre r\u00e9seau.[\/vc_column_text][\/vc_column_inner][\/vc_row_inner][\/vc_tta_section][\/vc_tta_accordion][\/vc_column][\/vc_row][vc_row][vc_column css=\u00a0\u00bb.vc_custom_1462967839872{margin-bottom: 0px !important;}\u00a0\u00bb]<div class=\"templatera_shortcode\"><style type=\"text\/css\" data-type=\"vc_shortcodes-custom-css\">.vc_custom_1571735353293{margin-bottom: 0px !important;border-top-width: 1px !important;border-bottom-width: 1px !important;padding-top: 40px !important;background-color: #39aeca !important;border-top-color: #eeeeee !important;border-bottom-color: #eeeeee !important;}.vc_custom_1471618262435{padding-bottom: 10px !important;}.vc_custom_1471618228405{padding-bottom: 10px !important;}<\/style><div data-vc-full-width=\"true\" data-vc-full-width-init=\"false\" class=\"vc_row wpb_row vc_row-fluid vc_custom_1571735353293 wpex-relative wpex-vc_row-has-fill wpex-vc-row-stretched\"><div class=\"wpb_column vc_column_container vc_col-sm-6\"><div class=\"vc_column-inner\"><div class=\"wpb_wrapper\"><style>.vcex-icon-box.vcex_69f8ca477abcb .vcex-icon-box-content{color:#ffffff;}.vcex-icon-box.vcex_69f8ca477abcb .vcex-icon-box-heading{color:#ffffff;}.vcex-icon-box.vcex_69f8ca477abcb .vcex-icon-box-icon{color:#ffffff;}<\/style><div class=\"vcex-module vcex-icon-box vcex-icon-box-one wpex-flex wpex-text-left vc_custom_1471618262435 vcex_69f8ca477abcb\"><div class=\"vcex-icon-box-symbol vcex-icon-box-symbol--icon wpex-flex-shrink-0 wpex-mr-20\"><div class=\"vcex-icon-box-icon wpex-items-center wpex-justify-center wpex-child-inherit-color wpex-text-center wpex-leading-none wpex-flex wpex-text-1\"><span class=\"wpex-flex wpex-icon--w wpex-icon\" aria-hidden=\"true\"><svg xmlns=\"http:\/\/www.w3.org\/2000\/svg\" viewBox=\"0 0 512 512\"><path d=\"M288 32c0-17.7-14.3-32-32-32s-32 14.3-32 32V274.7l-73.4-73.4c-12.5-12.5-32.8-12.5-45.3 0s-12.5 32.8 0 45.3l128 128c12.5 12.5 32.8 12.5 45.3 0l128-128c12.5-12.5 12.5-32.8 0-45.3s-32.8-12.5-45.3 0L288 274.7V32zM64 352c-35.3 0-64 28.7-64 64v32c0 35.3 28.7 64 64 64H448c35.3 0 64-28.7 64-64V416c0-35.3-28.7-64-64-64H346.5l-45.3 45.3c-25 25-65.5 25-90.5 0L165.5 352H64zm368 56a24 24 0 1 1 0 48 24 24 0 1 1 0-48z\"\/><\/svg><\/span><\/div><\/div><div class=\"vcex-icon-box-text wpex-flex-grow\"><h3 class=\"vcex-icon-box-heading wpex-heading wpex-text-md wpex-mb-10\">Informations sur nos produits<\/h3><div class=\"vcex-icon-box-content wpex-last-mb-0 wpex-clr\"><p>Brochures et rapports s\u00e9lectionn\u00e9(e)s.<\/p>\n<\/div><\/div><\/div><style>.vcex-button.vcex_69f8ca477b2fb{border-radius:0px;background:#ffffff;color:#39aeca!important;}.vcex-button.vcex_69f8ca477b2fb:hover{background:#39aeca!important;color:#ffffff!important;}<\/style><div class=\"theme-button-wrap textcenter theme-button-expanded-wrap wpex-clr\"><a href=\"\/fr\/telechargement\/\" class=\"vcex-button theme-button minimal-border align-center expanded expanded vcex_69f8ca477b2fb\" title=\"T\u00e9l\u00e9chargements\"><span class=\"vcex-button-inner theme-button-inner wpex-flex wpex-flex-wrap wpex-items-center wpex-justify-center\">T\u00e9l\u00e9chargements<\/span><\/a><\/div> <\/div><\/div><\/div><div class=\"wpb_column vc_column_container vc_col-sm-6\"><div class=\"vc_column-inner\"><div class=\"wpb_wrapper\"><style>.vcex-icon-box.vcex_69f8ca477ba0b .vcex-icon-box-content{color:#ffffff;}.vcex-icon-box.vcex_69f8ca477ba0b .vcex-icon-box-heading{color:#ffffff;}.vcex-icon-box.vcex_69f8ca477ba0b .vcex-icon-box-icon{color:#ffffff;}<\/style><div class=\"vcex-module vcex-icon-box vcex-icon-box-one wpex-flex wpex-text-left vc_custom_1471618228405 vcex_69f8ca477ba0b\"><div class=\"vcex-icon-box-symbol vcex-icon-box-symbol--icon wpex-flex-shrink-0 wpex-mr-20\"><div class=\"vcex-icon-box-icon wpex-items-center wpex-justify-center wpex-child-inherit-color wpex-text-center wpex-leading-none wpex-flex wpex-text-1\"><span class=\"wpex-flex wpex-icon--w wpex-icon\" aria-hidden=\"true\"><svg xmlns=\"http:\/\/www.w3.org\/2000\/svg\" viewBox=\"0 0 640 512\"><path d=\"M88.2 309.1c9.8-18.3 6.8-40.8-7.5-55.8C59.4 230.9 48 204 48 176c0-63.5 63.8-128 160-128s160 64.5 160 128s-63.8 128-160 128c-13.1 0-25.8-1.3-37.8-3.6c-10.4-2-21.2-.6-30.7 4.2c-4.1 2.1-8.3 4.1-12.6 6c-16 7.2-32.9 13.5-49.9 18c2.8-4.6 5.4-9.1 7.9-13.6c1.1-1.9 2.2-3.9 3.2-5.9zM0 176c0 41.8 17.2 80.1 45.9 110.3c-.9 1.7-1.9 3.5-2.8 5.1c-10.3 18.4-22.3 36.5-36.6 52.1c-6.6 7-8.3 17.2-4.6 25.9C5.8 378.3 14.4 384 24 384c43 0 86.5-13.3 122.7-29.7c4.8-2.2 9.6-4.5 14.2-6.8c15.1 3 30.9 4.5 47.1 4.5c114.9 0 208-78.8 208-176S322.9 0 208 0S0 78.8 0 176zM432 480c16.2 0 31.9-1.6 47.1-4.5c4.6 2.3 9.4 4.6 14.2 6.8C529.5 498.7 573 512 616 512c9.6 0 18.2-5.7 22-14.5c3.8-8.8 2-19-4.6-25.9c-14.2-15.6-26.2-33.7-36.6-52.1c-.9-1.7-1.9-3.4-2.8-5.1C622.8 384.1 640 345.8 640 304c0-94.4-87.9-171.5-198.2-175.8c4.1 15.2 6.2 31.2 6.2 47.8l0 .6c87.2 6.7 144 67.5 144 127.4c0 28-11.4 54.9-32.7 77.2c-14.3 15-17.3 37.6-7.5 55.8c1.1 2 2.2 4 3.2 5.9c2.5 4.5 5.2 9 7.9 13.6c-17-4.5-33.9-10.7-49.9-18c-4.3-1.9-8.5-3.9-12.6-6c-9.5-4.8-20.3-6.2-30.7-4.2c-12.1 2.4-24.7 3.6-37.8 3.6c-61.7 0-110-26.5-136.8-62.3c-16 5.4-32.8 9.4-50 11.8C279 439.8 350 480 432 480z\"\/><\/svg><\/span><\/div><\/div><div class=\"vcex-icon-box-text wpex-flex-grow\"><h3 class=\"vcex-icon-box-heading wpex-heading wpex-text-md wpex-mb-10\">Contact<\/h3><div class=\"vcex-icon-box-content wpex-last-mb-0 wpex-clr\"><p>Faites-vous conseiller sans engagement !<\/p>\n<\/div><\/div><\/div><style>.vcex-button.vcex_69f8ca477bf4b{border-radius:0px;background:#ffffff;color:#39aeca!important;}.vcex-button.vcex_69f8ca477bf4b:hover{background:#39aeca!important;color:#ffffff!important;}<\/style><div class=\"theme-button-wrap textcenter theme-button-expanded-wrap wpex-clr\"><a href=\"\/fr\/contact\" class=\"vcex-button theme-button minimal-border align-center expanded expanded vcex_69f8ca477bf4b\" title=\"Contact\"><span class=\"vcex-button-inner theme-button-inner wpex-flex wpex-flex-wrap wpex-items-center wpex-justify-center\">Contact<\/span><\/a><\/div> <\/div><\/div><\/div><\/div><div class=\"vc_row-full-width vc_clearfix\"><\/div>\r\n<\/div>[\/vc_column][\/vc_row]\n<\/div>","protected":false},"excerpt":{"rendered":"Extras Sur la base de nos proc\u00e9d\u00e9s d\u2019analyses psychom\u00e9triques nous vous offrons les prestations suppl\u00e9mentaires afin de vous soutenir dans les processus RH. Suivi de la s\u00e9lection Est-ce que\u00a0 vous d\u00e9sirez plus de clart\u00e9 dans le cadre de la s\u00e9lection ou du d\u00e9veloppement personnel, la motivation et l\u2019aptitude des employ\u00e9s pour un poste sp\u00e9cifique ?&hellip;","protected":false},"author":1,"featured_media":0,"parent":0,"menu_order":0,"comment_status":"closed","ping_status":"closed","template":"","meta":{"footnotes":""},"class_list":["post-658","page","type-page","status-publish","hentry","entry","no-media"],"yoast_head":"<!-- This site is optimized with the Yoast SEO plugin v27.0 - https:\/\/yoast.com\/product\/yoast-seo-wordpress\/ -->\n<title>Extras - Master<\/title>\n<meta name=\"robots\" content=\"index, follow, max-snippet:-1, max-image-preview:large, max-video-preview:-1\" \/>\n<link rel=\"canonical\" href=\"https:\/\/master.ch\/extras\/\" \/>\n<meta property=\"og:locale\" content=\"fr_FR\" \/>\n<meta property=\"og:type\" content=\"article\" \/>\n<meta property=\"og:title\" content=\"Extras - Master\" \/>\n<meta property=\"og:url\" content=\"https:\/\/master.ch\/extras\/\" \/>\n<meta property=\"og:site_name\" content=\"Master\" \/>\n<meta property=\"article:modified_time\" content=\"2019-10-31T14:59:35+00:00\" \/>\n<meta name=\"twitter:card\" content=\"summary_large_image\" \/>\n<meta name=\"twitter:label1\" content=\"Dur\u00e9e de lecture estim\u00e9e\" \/>\n\t<meta name=\"twitter:data1\" content=\"5 minutes\" \/>\n<script type=\"application\/ld+json\" class=\"yoast-schema-graph\">{\"@context\":\"https:\/\/schema.org\",\"@graph\":[{\"@type\":\"WebPage\",\"@id\":\"https:\/\/master.ch\/extras\/\",\"url\":\"https:\/\/master.ch\/extras\/\",\"name\":\"Extras - Master\",\"isPartOf\":{\"@id\":\"https:\/\/master.ch\/#website\"},\"datePublished\":\"2016-05-10T14:25:41+00:00\",\"dateModified\":\"2019-10-31T14:59:35+00:00\",\"breadcrumb\":{\"@id\":\"https:\/\/master.ch\/extras\/#breadcrumb\"},\"inLanguage\":\"fr-FR\",\"potentialAction\":[{\"@type\":\"ReadAction\",\"target\":[\"https:\/\/master.ch\/extras\/\"]}]},{\"@type\":\"BreadcrumbList\",\"@id\":\"https:\/\/master.ch\/extras\/#breadcrumb\",\"itemListElement\":[{\"@type\":\"ListItem\",\"position\":1,\"name\":\"Home\",\"item\":\"https:\/\/master.ch\/fr\/\"},{\"@type\":\"ListItem\",\"position\":2,\"name\":\"Extras\"}]},{\"@type\":\"WebSite\",\"@id\":\"https:\/\/master.ch\/#website\",\"url\":\"https:\/\/master.ch\/\",\"name\":\"Master\",\"description\":\"value people\",\"publisher\":{\"@id\":\"https:\/\/master.ch\/#organization\"},\"potentialAction\":[{\"@type\":\"SearchAction\",\"target\":{\"@type\":\"EntryPoint\",\"urlTemplate\":\"https:\/\/master.ch\/?s={search_term_string}\"},\"query-input\":{\"@type\":\"PropertyValueSpecification\",\"valueRequired\":true,\"valueName\":\"search_term_string\"}}],\"inLanguage\":\"fr-FR\"},{\"@type\":\"Organization\",\"@id\":\"https:\/\/master.ch\/#organization\",\"name\":\"Master Management\",\"url\":\"https:\/\/master.ch\/\",\"logo\":{\"@type\":\"ImageObject\",\"inLanguage\":\"fr-FR\",\"@id\":\"https:\/\/master.ch\/#\/schema\/logo\/image\/\",\"url\":\"https:\/\/master.ch\/wp-content\/uploads\/2020\/07\/MASTER_Logo_Darkgrey03.png\",\"contentUrl\":\"https:\/\/master.ch\/wp-content\/uploads\/2020\/07\/MASTER_Logo_Darkgrey03.png\",\"width\":3736,\"height\":2480,\"caption\":\"Master Management\"},\"image\":{\"@id\":\"https:\/\/master.ch\/#\/schema\/logo\/image\/\"}}]}<\/script>\n<!-- \/ Yoast SEO plugin. -->","yoast_head_json":{"title":"Extras - Master","robots":{"index":"index","follow":"follow","max-snippet":"max-snippet:-1","max-image-preview":"max-image-preview:large","max-video-preview":"max-video-preview:-1"},"canonical":"https:\/\/master.ch\/extras\/","og_locale":"fr_FR","og_type":"article","og_title":"Extras - Master","og_url":"https:\/\/master.ch\/extras\/","og_site_name":"Master","article_modified_time":"2019-10-31T14:59:35+00:00","twitter_card":"summary_large_image","twitter_misc":{"Dur\u00e9e de lecture estim\u00e9e":"5 minutes"},"schema":{"@context":"https:\/\/schema.org","@graph":[{"@type":"WebPage","@id":"https:\/\/master.ch\/extras\/","url":"https:\/\/master.ch\/extras\/","name":"Extras - Master","isPartOf":{"@id":"https:\/\/master.ch\/#website"},"datePublished":"2016-05-10T14:25:41+00:00","dateModified":"2019-10-31T14:59:35+00:00","breadcrumb":{"@id":"https:\/\/master.ch\/extras\/#breadcrumb"},"inLanguage":"fr-FR","potentialAction":[{"@type":"ReadAction","target":["https:\/\/master.ch\/extras\/"]}]},{"@type":"BreadcrumbList","@id":"https:\/\/master.ch\/extras\/#breadcrumb","itemListElement":[{"@type":"ListItem","position":1,"name":"Home","item":"https:\/\/master.ch\/fr\/"},{"@type":"ListItem","position":2,"name":"Extras"}]},{"@type":"WebSite","@id":"https:\/\/master.ch\/#website","url":"https:\/\/master.ch\/","name":"Master","description":"value people","publisher":{"@id":"https:\/\/master.ch\/#organization"},"potentialAction":[{"@type":"SearchAction","target":{"@type":"EntryPoint","urlTemplate":"https:\/\/master.ch\/?s={search_term_string}"},"query-input":{"@type":"PropertyValueSpecification","valueRequired":true,"valueName":"search_term_string"}}],"inLanguage":"fr-FR"},{"@type":"Organization","@id":"https:\/\/master.ch\/#organization","name":"Master Management","url":"https:\/\/master.ch\/","logo":{"@type":"ImageObject","inLanguage":"fr-FR","@id":"https:\/\/master.ch\/#\/schema\/logo\/image\/","url":"https:\/\/master.ch\/wp-content\/uploads\/2020\/07\/MASTER_Logo_Darkgrey03.png","contentUrl":"https:\/\/master.ch\/wp-content\/uploads\/2020\/07\/MASTER_Logo_Darkgrey03.png","width":3736,"height":2480,"caption":"Master Management"},"image":{"@id":"https:\/\/master.ch\/#\/schema\/logo\/image\/"}}]}},"_links":{"self":[{"href":"https:\/\/master.ch\/fr\/wp-json\/wp\/v2\/pages\/658","targetHints":{"allow":["GET"]}}],"collection":[{"href":"https:\/\/master.ch\/fr\/wp-json\/wp\/v2\/pages"}],"about":[{"href":"https:\/\/master.ch\/fr\/wp-json\/wp\/v2\/types\/page"}],"author":[{"embeddable":true,"href":"https:\/\/master.ch\/fr\/wp-json\/wp\/v2\/users\/1"}],"replies":[{"embeddable":true,"href":"https:\/\/master.ch\/fr\/wp-json\/wp\/v2\/comments?post=658"}],"version-history":[{"count":0,"href":"https:\/\/master.ch\/fr\/wp-json\/wp\/v2\/pages\/658\/revisions"}],"wp:attachment":[{"href":"https:\/\/master.ch\/fr\/wp-json\/wp\/v2\/media?parent=658"}],"curies":[{"name":"wp","href":"https:\/\/api.w.org\/{rel}","templated":true}]}}