{"id":641,"date":"2016-05-10T14:25:22","date_gmt":"2016-05-10T14:25:22","guid":{"rendered":"http:\/\/master.dev3.webkoenig.ch\/fr\/master-tools\/"},"modified":"2025-03-17T16:07:28","modified_gmt":"2025-03-17T16:07:28","slug":"instruments-master","status":"publish","type":"page","link":"https:\/\/master.ch\/fr\/instruments-master\/","title":{"rendered":"Instruments Master"},"content":{"rendered":"<div class=\"wpb-content-wrapper\">[vc_row css=\u00a0\u00bb.vc_custom_1462966726095{padding-top: 40px !important;}\u00a0\u00bb][vc_column]<figure class=\"vcex-image vcex-module wpex-text-center\"><div class=\"vcex-image-inner wpex-relative wpex-inline-block\"><img width=\"192\" height=\"68\" src=\"https:\/\/www.master.ch\/wp-content\/uploads\/2025\/03\/KLEIN-MASTER_Logo_Positive_300px.png\" class=\"vcex-image-img wpex-align-middle skip-lazy\" alt=\"\" data-no-lazy=\"1\" \/><\/div><\/figure>[vc_column_text]\n<h1>Instruments Master<\/h1>\n[\/vc_column_text][vc_row_inner][vc_column_inner width=\u00a0\u00bb1\/3&Prime;][vc_column_text]Les employ\u00e9s motiv\u00e9s sont le facteur cl\u00e9 du succ\u00e8s. L\u2019homme fait la diff\u00e9rence dans la concurrence quotidienne et globale.[\/vc_column_text][\/vc_column_inner][vc_column_inner width=\u00a0\u00bb1\/3&Prime;][vc_column_text]\u00c0 l\u2019aide de nos instruments Master vous \u00eates en mesure d\u2019\u00e9valuer le potentiel de vos collaborateurs de mani\u00e8re rapide et professionnelle. Ainsi vous allez apprendre davantage sur le comportement et la motivation de vos collaborateurs et gagner en s\u00e9curit\u00e9 dans la prise de d\u00e9cision.[\/vc_column_text][\/vc_column_inner][vc_column_inner width=\u00a0\u00bb1\/3&Prime;][vc_column_text]Vous pouvez utiliser tous les instruments Master en interne \u00e0 tout moment, analyser les r\u00e9sultats et cr\u00e9er des rapports.[\/vc_column_text][\/vc_column_inner][\/vc_row_inner][\/vc_column][\/vc_row][vc_row full_width=\u00a0\u00bbstretch_row_content\u00a0\u00bb css=\u00a0\u00bb.vc_custom_1462976216677{border-top-width: 1px !important;border-bottom-width: 1px !important;padding-top: 40px !important;background-color: #f7f7f7 !important;border-top-color: #eeeeee !important;border-top-style: solid !important;border-bottom-color: #eeeeee !important;border-bottom-style: solid !important;}\u00a0\u00bb][vc_column][vc_column_text]\n<h2>Aper\u00e7u de tous les instruments Master<\/h2>\n[\/vc_column_text][vc_row_inner css=\u00a0\u00bb.vc_custom_1462968470814{padding-top: 40px !important;}\u00a0\u00bb][vc_column_inner width=\u00a0\u00bb1\/4&Prime;]<style>.vcex-teaser.vcex_69f8db3475ea8 .vcex-teaser-content{background:#ffffff;padding:20px;}<\/style><div class=\"vcex-module vcex-teaser wpex-flex wpex-flex-col wk-master-tools wpex-text-center hvr hvr-shrink vcex_69f8db3475ea8\"><div class=\"vcex-teaser-media wpex-mb-20\"><a href=\"https:\/\/master.ch\/fr\/instruments-master\/mpa\/\" class=\"wpex-no-underline\" title=\"MPA\"><img width=\"800\" height=\"400\" src=\"https:\/\/www.master.ch\/wp-content\/uploads\/2019\/10\/master_tools_persoenlichkeitsanalysen-blau.jpg\" class=\"wpex-align-middle\" alt=\"\" loading=\"lazy\" decoding=\"async\" srcset=\"https:\/\/www.master.ch\/wp-content\/uploads\/2019\/10\/master_tools_persoenlichkeitsanalysen-blau.jpg 800w, https:\/\/www.master.ch\/wp-content\/uploads\/2019\/10\/master_tools_persoenlichkeitsanalysen-blau-300x150.jpg 300w, https:\/\/www.master.ch\/wp-content\/uploads\/2019\/10\/master_tools_persoenlichkeitsanalysen-blau-768x384.jpg 768w\" sizes=\"auto, (max-width: 800px) 100vw, 800px\" \/><\/a><\/div><div class=\"vcex-teaser-content\"><h3 class=\"vcex-teaser-heading wpex-heading wpex-text-lg\"><a href=\"https:\/\/master.ch\/fr\/instruments-master\/mpa\/\" class=\"wpex-no-underline\" title=\"MPA\">Analyses de la personnalit\u00e9<\/a><\/h3><\/div><\/div>[\/vc_column_inner][vc_column_inner width=\u00a0\u00bb1\/4&Prime;]<style>.vcex-teaser.vcex_69f8db34796a2 .vcex-teaser-content{background:#ffffff;padding:20px;}<\/style><div class=\"vcex-module vcex-teaser wpex-flex wpex-flex-col wk-master-tools wpex-text-center hvr hvr-shrink vcex_69f8db34796a2\"><div class=\"vcex-teaser-media wpex-mb-20\"><a href=\"https:\/\/master.ch\/fr\/instruments-master\/easi\/\" class=\"wpex-no-underline\" title=\"EASI\"><img width=\"800\" height=\"400\" src=\"https:\/\/www.master.ch\/wp-content\/uploads\/2019\/10\/master_tools_management-entwicklungstools-blue.jpg\" class=\"wpex-align-middle\" alt=\"\" loading=\"lazy\" decoding=\"async\" srcset=\"https:\/\/www.master.ch\/wp-content\/uploads\/2019\/10\/master_tools_management-entwicklungstools-blue.jpg 800w, https:\/\/www.master.ch\/wp-content\/uploads\/2019\/10\/master_tools_management-entwicklungstools-blue-300x150.jpg 300w, https:\/\/www.master.ch\/wp-content\/uploads\/2019\/10\/master_tools_management-entwicklungstools-blue-768x384.jpg 768w\" sizes=\"auto, (max-width: 800px) 100vw, 800px\" \/><\/a><\/div><div class=\"vcex-teaser-content\"><h3 class=\"vcex-teaser-heading wpex-heading wpex-text-lg\"><a href=\"https:\/\/master.ch\/fr\/instruments-master\/easi\/\" class=\"wpex-no-underline\" title=\"EASI\">Instruments de d\u00e9veloppement<\/a><\/h3><\/div><\/div>[\/vc_column_inner][vc_column_inner width=\u00a0\u00bb1\/4&Prime;]<style>.vcex-teaser.vcex_69f8db347b521 .vcex-teaser-content{background:#ffffff;padding:20px;}<\/style><div class=\"vcex-module vcex-teaser wpex-flex wpex-flex-col wk-master-tools wpex-text-center hvr hvr-shrink vcex_69f8db347b521\"><div class=\"vcex-teaser-media wpex-mb-20\"><a href=\"https:\/\/master.ch\/fr\/instruments-master\/ace\/\" class=\"wpex-no-underline\" title=\"MPA\"><img width=\"800\" height=\"400\" src=\"https:\/\/www.master.ch\/wp-content\/uploads\/2019\/10\/master_tools_kognitive-testverfahren-blue.jpg\" class=\"wpex-align-middle\" alt=\"\" loading=\"lazy\" decoding=\"async\" srcset=\"https:\/\/www.master.ch\/wp-content\/uploads\/2019\/10\/master_tools_kognitive-testverfahren-blue.jpg 800w, https:\/\/www.master.ch\/wp-content\/uploads\/2019\/10\/master_tools_kognitive-testverfahren-blue-300x150.jpg 300w, https:\/\/www.master.ch\/wp-content\/uploads\/2019\/10\/master_tools_kognitive-testverfahren-blue-768x384.jpg 768w\" sizes=\"auto, (max-width: 800px) 100vw, 800px\" \/><\/a><\/div><div class=\"vcex-teaser-content\"><h3 class=\"vcex-teaser-heading wpex-heading wpex-text-lg\"><a href=\"https:\/\/master.ch\/fr\/instruments-master\/ace\/\" class=\"wpex-no-underline\" title=\"MPA\">Tests cognitifs<\/a><\/h3><\/div><\/div>[\/vc_column_inner][vc_column_inner width=\u00a0\u00bb1\/4&Prime;]<style>.vcex-teaser.vcex_69f8db347d826 .vcex-teaser-content{background:#ffffff;padding:20px;}<\/style><div class=\"vcex-module vcex-teaser wpex-flex wpex-flex-col wk-master-tools wpex-text-center hvr hvr-shrink vcex_69f8db347d826\"><div class=\"vcex-teaser-media wpex-mb-20\"><a href=\"https:\/\/master.ch\/fr\/instruments-master\/individual-applikationen\/\" class=\"wpex-no-underline\" title=\"Individual-Applikationen\"><img width=\"800\" height=\"400\" src=\"https:\/\/www.master.ch\/wp-content\/uploads\/2019\/10\/master_tools_kompetenzanalysen-blue.jpg\" class=\"wpex-align-middle\" alt=\"\" loading=\"lazy\" decoding=\"async\" srcset=\"https:\/\/www.master.ch\/wp-content\/uploads\/2019\/10\/master_tools_kompetenzanalysen-blue.jpg 800w, https:\/\/www.master.ch\/wp-content\/uploads\/2019\/10\/master_tools_kompetenzanalysen-blue-300x150.jpg 300w, https:\/\/www.master.ch\/wp-content\/uploads\/2019\/10\/master_tools_kompetenzanalysen-blue-768x384.jpg 768w\" sizes=\"auto, (max-width: 800px) 100vw, 800px\" \/><\/a><\/div><div class=\"vcex-teaser-content\"><h3 class=\"vcex-teaser-heading wpex-heading wpex-text-lg\"><a href=\"https:\/\/master.ch\/fr\/instruments-master\/individual-applikationen\/\" class=\"wpex-no-underline\" title=\"Individual-Applikationen\">Analyses des comp\u00e9tences<\/a><\/h3><\/div><\/div>[\/vc_column_inner][\/vc_row_inner][\/vc_column][\/vc_row][vc_row css=\u00a0\u00bb.vc_custom_1462968481223{padding-top: 40px !important;}\u00a0\u00bb][vc_column][vc_column_text]\n<h2>Aper\u00e7u g\u00e9n\u00e9ral de vos avantages:<\/h2>\n[\/vc_column_text][vc_empty_space height=\u00a0\u00bb40px\u00a0\u00bb][vc_row_inner][vc_column_inner width=\u00a0\u00bb1\/3&Prime;][vc_column_text]\n<ul>\n<li>\n<h4>Scientifiquement prouv\u00e9 et test\u00e9 dans la pratique<\/h4>\n<\/li>\n<li>\n<h4>Grande flexibilit\u00e9 et ind\u00e9pendance &#8211; Application interne 7x24x365<\/h4>\n<\/li>\n<\/ul>\n[\/vc_column_text][\/vc_column_inner][vc_column_inner width=\u00a0\u00bb1\/3&Prime;][vc_column_text]\n<ul>\n<li>\n<h4>\u00c9conomie de temps et de co\u00fbt<\/h4>\n<\/li>\n<li>\n<h4>Plate-forme IT intuitive et moderne<\/h4>\n<\/li>\n<\/ul>\n[\/vc_column_text][\/vc_column_inner][vc_column_inner width=\u00a0\u00bb1\/3&Prime;][vc_column_text]\n<ul>\n<li>\n<h4>Beaucoup des langues<\/h4>\n<\/li>\n<li>\n<h4>1 partenaire pour les besoins de tests diff\u00e9rents<\/h4>\n<\/li>\n<\/ul>\n[\/vc_column_text][\/vc_column_inner][\/vc_row_inner][\/vc_column][\/vc_row][vc_row full_width=\u00a0\u00bbstretch_row\u00a0\u00bb css=\u00a0\u00bb.vc_custom_1462972429382{border-top-width: 1px !important;border-bottom-width: 1px !important;padding-top: 40px !important;background-color: #f7f7f7 !important;border-top-color: #eeeeee !important;border-top-style: solid !important;border-bottom-color: #eeeeee !important;border-bottom-style: solid !important;}\u00a0\u00bb][vc_column][vc_column_text]\n<h2>Formation et certification<\/h2>\n[\/vc_column_text][vc_empty_space height=\u00a0\u00bb40px\u00a0\u00bb][vc_row_inner][vc_column_inner width=\u00a0\u00bb1\/3&Prime;][vc_column_text]\n<ul>\n<li>\n<h4>La formation est une condition pr\u00e9alable pour l\u2019utilisation des instruments Master<\/h4>\n<\/li>\n<\/ul>\n[\/vc_column_text][\/vc_column_inner][vc_column_inner width=\u00a0\u00bb1\/3&Prime;][vc_column_text]\n<ul>\n<li>\n<h4>Les formations de courte dur\u00e9e ax\u00e9es sur l\u2019emploi sont r\u00e9alis\u00e9es par des entra\u00eeneurs qualifi\u00e9s et sont offerts en Allemand, Fran\u00e7ais, Anglais et Italien<\/h4>\n<\/li>\n<\/ul>\n[\/vc_column_text][\/vc_column_inner][vc_column_inner width=\u00a0\u00bb1\/3&Prime;][vc_column_text]\n<ul>\n<li>\n<h4>Tous les instruments Master peuvent s\u2019apprendre sans connaissances pr\u00e9alables<\/h4>\n<\/li>\n<\/ul>\n[\/vc_column_text][\/vc_column_inner][\/vc_row_inner][vc_row_inner el_class=\u00a0\u00bbwk-button\u00a0\u00bb][vc_column_inner width=\u00a0\u00bb2\/3&Prime;][vc_column_text][\/vc_column_text][\/vc_column_inner][vc_column_inner width=\u00a0\u00bb1\/3&Prime;]<style>.vcex-button.vcex_69f8db3480a1f{border-radius:0px;background:#39aeca;color:#ffffff!important;}.vcex-button.vcex_69f8db3480a1f:hover{background:#ffffff!important;color:#39aeca!important;}<\/style><div class=\"theme-button-wrap theme-button-expanded-wrap wpex-clr\"><a href=\"\/fr\/kursanmeldung\" class=\"vcex-button theme-button minimal-border align-right expanded expanded vcex_69f8db3480a1f\" title=\"Inscription aux cours\"><span class=\"vcex-button-inner theme-button-inner wpex-flex wpex-flex-wrap wpex-items-center wpex-justify-center\">Inscription aux cours<\/span><\/a><\/div> [\/vc_column_inner][\/vc_row_inner][\/vc_column][\/vc_row][vc_row css=\u00a0\u00bb.vc_custom_1462968481223{padding-top: 40px !important;}\u00a0\u00bb][vc_column][vc_column_text]\n<h2>Nos prestations \u2013 notre support<\/h2>\n<p>Toutes les licences d\u2019utilisation annuelles de nos instruments Master comprennent les services gratuits suivants:[\/vc_column_text][vc_empty_space height=\u00a0\u00bb40px\u00a0\u00bb][vc_row_inner][vc_column_inner width=\u00a0\u00bb1\/3&Prime;][vc_column_text]\n<ul>\n<li>\n<h4>D\u00e9veloppement des instruments<\/h4>\n<\/li>\n<li>\n<h4>Mises \u00e0 jour de la plate-forme IT<\/h4>\n<\/li>\n<li>\n<h4>Installation et support de la plate-forme IT<\/h4>\n<\/li>\n<\/ul>\n[\/vc_column_text][\/vc_column_inner][vc_column_inner width=\u00a0\u00bb1\/3&Prime;][vc_column_text]\n<ul>\n<li>\n<h4>Impl\u00e9mentation des droits d\u2019acc\u00e8s<\/h4>\n<\/li>\n<li>\n<h4>Utilisation illimit\u00e9e de tous les rapports dans de nombreuses langues<\/h4>\n<\/li>\n<\/ul>\n[\/vc_column_text][\/vc_column_inner][vc_column_inner width=\u00a0\u00bb1\/3&Prime;][vc_column_text]\n<ul>\n<li>\n<h4>Support d\u2019interpr\u00e9tations de profils en 24 heures<\/h4>\n<\/li>\n<li>\n<h4>1 workshop (atelier) sur place par ann\u00e9e ou au-del\u00e0 des diff\u00e9rentes entreprises dans la r\u00e9gion<\/h4>\n<\/li>\n<\/ul>\n[\/vc_column_text][\/vc_column_inner][\/vc_row_inner][vc_column_text][\/vc_column_text][vc_empty_space height=\u00a0\u00bb30px\u00a0\u00bb][\/vc_column][\/vc_row][vc_row][vc_column css=\u00a0\u00bb.vc_custom_1462967839872{margin-bottom: 0px !important;}\u00a0\u00bb]<div class=\"templatera_shortcode\"><style type=\"text\/css\" data-type=\"vc_shortcodes-custom-css\">.vc_custom_1571735353293{margin-bottom: 0px !important;border-top-width: 1px !important;border-bottom-width: 1px !important;padding-top: 40px !important;background-color: #39aeca !important;border-top-color: #eeeeee !important;border-bottom-color: #eeeeee !important;}.vc_custom_1471618262435{padding-bottom: 10px !important;}.vc_custom_1471618228405{padding-bottom: 10px !important;}<\/style><div data-vc-full-width=\"true\" data-vc-full-width-init=\"false\" class=\"vc_row wpb_row vc_row-fluid vc_custom_1571735353293 wpex-relative wpex-vc_row-has-fill wpex-vc-row-stretched\"><div class=\"wpb_column vc_column_container vc_col-sm-6\"><div class=\"vc_column-inner\"><div class=\"wpb_wrapper\"><style>.vcex-icon-box.vcex_69f8db3483b7b .vcex-icon-box-content{color:#ffffff;}.vcex-icon-box.vcex_69f8db3483b7b .vcex-icon-box-heading{color:#ffffff;}.vcex-icon-box.vcex_69f8db3483b7b .vcex-icon-box-icon{color:#ffffff;}<\/style><div class=\"vcex-module vcex-icon-box vcex-icon-box-one wpex-flex wpex-text-left vc_custom_1471618262435 vcex_69f8db3483b7b\"><div class=\"vcex-icon-box-symbol vcex-icon-box-symbol--icon wpex-flex-shrink-0 wpex-mr-20\"><div class=\"vcex-icon-box-icon wpex-items-center wpex-justify-center wpex-child-inherit-color wpex-text-center wpex-leading-none wpex-flex wpex-text-1\"><span class=\"wpex-flex wpex-icon--w wpex-icon\" aria-hidden=\"true\"><svg xmlns=\"http:\/\/www.w3.org\/2000\/svg\" viewBox=\"0 0 512 512\"><path d=\"M288 32c0-17.7-14.3-32-32-32s-32 14.3-32 32V274.7l-73.4-73.4c-12.5-12.5-32.8-12.5-45.3 0s-12.5 32.8 0 45.3l128 128c12.5 12.5 32.8 12.5 45.3 0l128-128c12.5-12.5 12.5-32.8 0-45.3s-32.8-12.5-45.3 0L288 274.7V32zM64 352c-35.3 0-64 28.7-64 64v32c0 35.3 28.7 64 64 64H448c35.3 0 64-28.7 64-64V416c0-35.3-28.7-64-64-64H346.5l-45.3 45.3c-25 25-65.5 25-90.5 0L165.5 352H64zm368 56a24 24 0 1 1 0 48 24 24 0 1 1 0-48z\"\/><\/svg><\/span><\/div><\/div><div class=\"vcex-icon-box-text wpex-flex-grow\"><h3 class=\"vcex-icon-box-heading wpex-heading wpex-text-md wpex-mb-10\">Informations sur nos produits<\/h3><div class=\"vcex-icon-box-content wpex-last-mb-0 wpex-clr\"><p>Brochures et rapports s\u00e9lectionn\u00e9(e)s.<\/p>\n<\/div><\/div><\/div><style>.vcex-button.vcex_69f8db3484180{border-radius:0px;background:#ffffff;color:#39aeca!important;}.vcex-button.vcex_69f8db3484180:hover{background:#39aeca!important;color:#ffffff!important;}<\/style><div class=\"theme-button-wrap textcenter theme-button-expanded-wrap wpex-clr\"><a href=\"\/fr\/telechargement\/\" class=\"vcex-button theme-button minimal-border align-center expanded expanded vcex_69f8db3484180\" title=\"T\u00e9l\u00e9chargements\"><span class=\"vcex-button-inner theme-button-inner wpex-flex wpex-flex-wrap wpex-items-center wpex-justify-center\">T\u00e9l\u00e9chargements<\/span><\/a><\/div> <\/div><\/div><\/div><div class=\"wpb_column vc_column_container vc_col-sm-6\"><div class=\"vc_column-inner\"><div class=\"wpb_wrapper\"><style>.vcex-icon-box.vcex_69f8db34848b8 .vcex-icon-box-content{color:#ffffff;}.vcex-icon-box.vcex_69f8db34848b8 .vcex-icon-box-heading{color:#ffffff;}.vcex-icon-box.vcex_69f8db34848b8 .vcex-icon-box-icon{color:#ffffff;}<\/style><div class=\"vcex-module vcex-icon-box vcex-icon-box-one wpex-flex wpex-text-left vc_custom_1471618228405 vcex_69f8db34848b8\"><div class=\"vcex-icon-box-symbol vcex-icon-box-symbol--icon wpex-flex-shrink-0 wpex-mr-20\"><div class=\"vcex-icon-box-icon wpex-items-center wpex-justify-center wpex-child-inherit-color wpex-text-center wpex-leading-none wpex-flex wpex-text-1\"><span class=\"wpex-flex wpex-icon--w wpex-icon\" aria-hidden=\"true\"><svg xmlns=\"http:\/\/www.w3.org\/2000\/svg\" viewBox=\"0 0 640 512\"><path d=\"M88.2 309.1c9.8-18.3 6.8-40.8-7.5-55.8C59.4 230.9 48 204 48 176c0-63.5 63.8-128 160-128s160 64.5 160 128s-63.8 128-160 128c-13.1 0-25.8-1.3-37.8-3.6c-10.4-2-21.2-.6-30.7 4.2c-4.1 2.1-8.3 4.1-12.6 6c-16 7.2-32.9 13.5-49.9 18c2.8-4.6 5.4-9.1 7.9-13.6c1.1-1.9 2.2-3.9 3.2-5.9zM0 176c0 41.8 17.2 80.1 45.9 110.3c-.9 1.7-1.9 3.5-2.8 5.1c-10.3 18.4-22.3 36.5-36.6 52.1c-6.6 7-8.3 17.2-4.6 25.9C5.8 378.3 14.4 384 24 384c43 0 86.5-13.3 122.7-29.7c4.8-2.2 9.6-4.5 14.2-6.8c15.1 3 30.9 4.5 47.1 4.5c114.9 0 208-78.8 208-176S322.9 0 208 0S0 78.8 0 176zM432 480c16.2 0 31.9-1.6 47.1-4.5c4.6 2.3 9.4 4.6 14.2 6.8C529.5 498.7 573 512 616 512c9.6 0 18.2-5.7 22-14.5c3.8-8.8 2-19-4.6-25.9c-14.2-15.6-26.2-33.7-36.6-52.1c-.9-1.7-1.9-3.4-2.8-5.1C622.8 384.1 640 345.8 640 304c0-94.4-87.9-171.5-198.2-175.8c4.1 15.2 6.2 31.2 6.2 47.8l0 .6c87.2 6.7 144 67.5 144 127.4c0 28-11.4 54.9-32.7 77.2c-14.3 15-17.3 37.6-7.5 55.8c1.1 2 2.2 4 3.2 5.9c2.5 4.5 5.2 9 7.9 13.6c-17-4.5-33.9-10.7-49.9-18c-4.3-1.9-8.5-3.9-12.6-6c-9.5-4.8-20.3-6.2-30.7-4.2c-12.1 2.4-24.7 3.6-37.8 3.6c-61.7 0-110-26.5-136.8-62.3c-16 5.4-32.8 9.4-50 11.8C279 439.8 350 480 432 480z\"\/><\/svg><\/span><\/div><\/div><div class=\"vcex-icon-box-text wpex-flex-grow\"><h3 class=\"vcex-icon-box-heading wpex-heading wpex-text-md wpex-mb-10\">Contact<\/h3><div class=\"vcex-icon-box-content wpex-last-mb-0 wpex-clr\"><p>Faites-vous conseiller sans engagement !<\/p>\n<\/div><\/div><\/div><style>.vcex-button.vcex_69f8db3484e20{border-radius:0px;background:#ffffff;color:#39aeca!important;}.vcex-button.vcex_69f8db3484e20:hover{background:#39aeca!important;color:#ffffff!important;}<\/style><div class=\"theme-button-wrap textcenter theme-button-expanded-wrap wpex-clr\"><a href=\"\/fr\/contact\" class=\"vcex-button theme-button minimal-border align-center expanded expanded vcex_69f8db3484e20\" title=\"Contact\"><span class=\"vcex-button-inner theme-button-inner wpex-flex wpex-flex-wrap wpex-items-center wpex-justify-center\">Contact<\/span><\/a><\/div> <\/div><\/div><\/div><\/div><div class=\"vc_row-full-width vc_clearfix\"><\/div>\r\n<\/div>[\/vc_column][\/vc_row]\n<\/div>","protected":false},"excerpt":{"rendered":"Instruments Master Les employ\u00e9s motiv\u00e9s sont le facteur cl\u00e9 du succ\u00e8s. L\u2019homme fait la diff\u00e9rence dans la concurrence quotidienne et globale. \u00c0 l\u2019aide de nos instruments Master vous \u00eates en mesure d\u2019\u00e9valuer le potentiel de vos collaborateurs de mani\u00e8re rapide et professionnelle. Ainsi vous allez apprendre davantage sur le comportement et la motivation de vos&hellip;","protected":false},"author":1,"featured_media":0,"parent":0,"menu_order":0,"comment_status":"closed","ping_status":"closed","template":"","meta":{"footnotes":""},"class_list":["post-641","page","type-page","status-publish","hentry","entry","no-media"],"yoast_head":"<!-- This site is optimized with the Yoast SEO plugin v27.0 - https:\/\/yoast.com\/product\/yoast-seo-wordpress\/ -->\n<title>Instruments Master - Master<\/title>\n<meta name=\"robots\" content=\"index, follow, max-snippet:-1, max-image-preview:large, max-video-preview:-1\" \/>\n<link rel=\"canonical\" href=\"https:\/\/master.ch\/fr\/instruments-master\/\" \/>\n<meta property=\"og:locale\" content=\"fr_FR\" \/>\n<meta property=\"og:type\" content=\"article\" \/>\n<meta property=\"og:title\" content=\"Instruments Master - Master\" \/>\n<meta property=\"og:url\" content=\"https:\/\/master.ch\/fr\/instruments-master\/\" \/>\n<meta property=\"og:site_name\" content=\"Master\" \/>\n<meta property=\"article:modified_time\" content=\"2025-03-17T16:07:28+00:00\" \/>\n<meta name=\"twitter:card\" content=\"summary_large_image\" \/>\n<meta name=\"twitter:label1\" content=\"Dur\u00e9e de lecture estim\u00e9e\" \/>\n\t<meta name=\"twitter:data1\" content=\"4 minutes\" \/>\n<script type=\"application\/ld+json\" class=\"yoast-schema-graph\">{\"@context\":\"https:\/\/schema.org\",\"@graph\":[{\"@type\":\"WebPage\",\"@id\":\"https:\/\/master.ch\/fr\/instruments-master\/\",\"url\":\"https:\/\/master.ch\/fr\/instruments-master\/\",\"name\":\"Instruments Master - Master\",\"isPartOf\":{\"@id\":\"https:\/\/master.ch\/#website\"},\"datePublished\":\"2016-05-10T14:25:22+00:00\",\"dateModified\":\"2025-03-17T16:07:28+00:00\",\"breadcrumb\":{\"@id\":\"https:\/\/master.ch\/fr\/instruments-master\/#breadcrumb\"},\"inLanguage\":\"fr-FR\",\"potentialAction\":[{\"@type\":\"ReadAction\",\"target\":[\"https:\/\/master.ch\/fr\/instruments-master\/\"]}]},{\"@type\":\"BreadcrumbList\",\"@id\":\"https:\/\/master.ch\/fr\/instruments-master\/#breadcrumb\",\"itemListElement\":[{\"@type\":\"ListItem\",\"position\":1,\"name\":\"Home\",\"item\":\"https:\/\/master.ch\/fr\/\"},{\"@type\":\"ListItem\",\"position\":2,\"name\":\"Instruments Master\"}]},{\"@type\":\"WebSite\",\"@id\":\"https:\/\/master.ch\/#website\",\"url\":\"https:\/\/master.ch\/\",\"name\":\"Master\",\"description\":\"value people\",\"publisher\":{\"@id\":\"https:\/\/master.ch\/#organization\"},\"potentialAction\":[{\"@type\":\"SearchAction\",\"target\":{\"@type\":\"EntryPoint\",\"urlTemplate\":\"https:\/\/master.ch\/?s={search_term_string}\"},\"query-input\":{\"@type\":\"PropertyValueSpecification\",\"valueRequired\":true,\"valueName\":\"search_term_string\"}}],\"inLanguage\":\"fr-FR\"},{\"@type\":\"Organization\",\"@id\":\"https:\/\/master.ch\/#organization\",\"name\":\"Master Management\",\"url\":\"https:\/\/master.ch\/\",\"logo\":{\"@type\":\"ImageObject\",\"inLanguage\":\"fr-FR\",\"@id\":\"https:\/\/master.ch\/#\/schema\/logo\/image\/\",\"url\":\"https:\/\/master.ch\/wp-content\/uploads\/2020\/07\/MASTER_Logo_Darkgrey03.png\",\"contentUrl\":\"https:\/\/master.ch\/wp-content\/uploads\/2020\/07\/MASTER_Logo_Darkgrey03.png\",\"width\":3736,\"height\":2480,\"caption\":\"Master Management\"},\"image\":{\"@id\":\"https:\/\/master.ch\/#\/schema\/logo\/image\/\"}}]}<\/script>\n<!-- \/ Yoast SEO plugin. -->","yoast_head_json":{"title":"Instruments Master - Master","robots":{"index":"index","follow":"follow","max-snippet":"max-snippet:-1","max-image-preview":"max-image-preview:large","max-video-preview":"max-video-preview:-1"},"canonical":"https:\/\/master.ch\/fr\/instruments-master\/","og_locale":"fr_FR","og_type":"article","og_title":"Instruments Master - Master","og_url":"https:\/\/master.ch\/fr\/instruments-master\/","og_site_name":"Master","article_modified_time":"2025-03-17T16:07:28+00:00","twitter_card":"summary_large_image","twitter_misc":{"Dur\u00e9e de lecture estim\u00e9e":"4 minutes"},"schema":{"@context":"https:\/\/schema.org","@graph":[{"@type":"WebPage","@id":"https:\/\/master.ch\/fr\/instruments-master\/","url":"https:\/\/master.ch\/fr\/instruments-master\/","name":"Instruments Master - Master","isPartOf":{"@id":"https:\/\/master.ch\/#website"},"datePublished":"2016-05-10T14:25:22+00:00","dateModified":"2025-03-17T16:07:28+00:00","breadcrumb":{"@id":"https:\/\/master.ch\/fr\/instruments-master\/#breadcrumb"},"inLanguage":"fr-FR","potentialAction":[{"@type":"ReadAction","target":["https:\/\/master.ch\/fr\/instruments-master\/"]}]},{"@type":"BreadcrumbList","@id":"https:\/\/master.ch\/fr\/instruments-master\/#breadcrumb","itemListElement":[{"@type":"ListItem","position":1,"name":"Home","item":"https:\/\/master.ch\/fr\/"},{"@type":"ListItem","position":2,"name":"Instruments Master"}]},{"@type":"WebSite","@id":"https:\/\/master.ch\/#website","url":"https:\/\/master.ch\/","name":"Master","description":"value people","publisher":{"@id":"https:\/\/master.ch\/#organization"},"potentialAction":[{"@type":"SearchAction","target":{"@type":"EntryPoint","urlTemplate":"https:\/\/master.ch\/?s={search_term_string}"},"query-input":{"@type":"PropertyValueSpecification","valueRequired":true,"valueName":"search_term_string"}}],"inLanguage":"fr-FR"},{"@type":"Organization","@id":"https:\/\/master.ch\/#organization","name":"Master Management","url":"https:\/\/master.ch\/","logo":{"@type":"ImageObject","inLanguage":"fr-FR","@id":"https:\/\/master.ch\/#\/schema\/logo\/image\/","url":"https:\/\/master.ch\/wp-content\/uploads\/2020\/07\/MASTER_Logo_Darkgrey03.png","contentUrl":"https:\/\/master.ch\/wp-content\/uploads\/2020\/07\/MASTER_Logo_Darkgrey03.png","width":3736,"height":2480,"caption":"Master Management"},"image":{"@id":"https:\/\/master.ch\/#\/schema\/logo\/image\/"}}]}},"_links":{"self":[{"href":"https:\/\/master.ch\/fr\/wp-json\/wp\/v2\/pages\/641","targetHints":{"allow":["GET"]}}],"collection":[{"href":"https:\/\/master.ch\/fr\/wp-json\/wp\/v2\/pages"}],"about":[{"href":"https:\/\/master.ch\/fr\/wp-json\/wp\/v2\/types\/page"}],"author":[{"embeddable":true,"href":"https:\/\/master.ch\/fr\/wp-json\/wp\/v2\/users\/1"}],"replies":[{"embeddable":true,"href":"https:\/\/master.ch\/fr\/wp-json\/wp\/v2\/comments?post=641"}],"version-history":[{"count":1,"href":"https:\/\/master.ch\/fr\/wp-json\/wp\/v2\/pages\/641\/revisions"}],"predecessor-version":[{"id":14938,"href":"https:\/\/master.ch\/fr\/wp-json\/wp\/v2\/pages\/641\/revisions\/14938"}],"wp:attachment":[{"href":"https:\/\/master.ch\/fr\/wp-json\/wp\/v2\/media?parent=641"}],"curies":[{"name":"wp","href":"https:\/\/api.w.org\/{rel}","templated":true}]}}